{"id":167,"date":"2023-07-14T16:03:56","date_gmt":"2023-07-14T14:03:56","guid":{"rendered":"https:\/\/www.impulsdozdrowia.pl\/?page_id=167"},"modified":"2026-01-29T16:24:32","modified_gmt":"2026-01-29T15:24:32","slug":"moj-straganik","status":"publish","type":"page","link":"https:\/\/www.impulsdozdrowia.pl\/index.php\/moj-straganik\/","title":{"rendered":"M\u00f3j Straganik"},"content":{"rendered":"\n<figure class=\"wp-block-image size-large\"><img loading=\"lazy\" decoding=\"async\" width=\"1024\" height=\"239\" src=\"https:\/\/www.impulsdozdrowia.pl\/wp-content\/uploads\/2025\/02\/IMPULS-DO-ZDROWIA-1024x239.png\" alt=\"\" class=\"wp-image-529\" srcset=\"https:\/\/www.impulsdozdrowia.pl\/wp-content\/uploads\/2025\/02\/IMPULS-DO-ZDROWIA-1024x239.png 1024w, https:\/\/www.impulsdozdrowia.pl\/wp-content\/uploads\/2025\/02\/IMPULS-DO-ZDROWIA-300x70.png 300w, https:\/\/www.impulsdozdrowia.pl\/wp-content\/uploads\/2025\/02\/IMPULS-DO-ZDROWIA-768x179.png 768w, https:\/\/www.impulsdozdrowia.pl\/wp-content\/uploads\/2025\/02\/IMPULS-DO-ZDROWIA-1536x359.png 1536w, https:\/\/www.impulsdozdrowia.pl\/wp-content\/uploads\/2025\/02\/IMPULS-DO-ZDROWIA-2048x478.png 2048w\" sizes=\"auto, (max-width: 1024px) 100vw, 1024px\" \/><\/figure>\n\n\n\n<!--<a href=\"https:\/\/www.olx.pl\/d\/oferta\/nalewka-z-zielonego-orzecha-wloskiego-100ml-CID3647-IDWz4Br.html\" target=\"_blank\" rel=\"noopener\">AUKCJA ALLEGRO<\/a> -->\n\n\n\n<figure class=\"wp-block-table\"><table><tbody><tr><td class=\"has-text-align-left\" data-align=\"left\"><strong>Produkt <\/strong><\/td><td><strong>Pojemno\u015b\u0107 <\/strong><\/td><td><strong>Cena<\/strong><\/td><td class=\"has-text-align-center\" data-align=\"center\"><strong>Link do zakupu<\/strong><\/td><\/tr><tr><td class=\"has-text-align-left\" data-align=\"left\">Olej z rzepaku<\/td><td>250 ml<\/td><td>14,00 z\u0142<\/td><td class=\"has-text-align-center\" data-align=\"center\">w opracowaniu<\/td><\/tr><tr><td class=\"has-text-align-left\" data-align=\"left\">Olej z lnu<\/td><td>250 ml<\/td><td>25,00 z\u0142<\/td><td class=\"has-text-align-center\" data-align=\"center\"><a href=\"https:\/\/allegrolokalnie.pl\/oferta\/olej-lniany-tloczony-na-zimno-niefiltrowany-250-ml\">Lniany<\/a><\/td><\/tr><tr><td class=\"has-text-align-left\" data-align=\"left\">Olej z ostropestu<\/td><td>250 ml<\/td><td>26,00 z\u0142<\/td><td class=\"has-text-align-center\" data-align=\"center\"><a href=\"https:\/\/allegrolokalnie.pl\/oferta\/olej-z-ostropestu-tloczony-na-zimno-niefiltrowany-250ml\">Osteopest<\/a><\/td><\/tr><tr><td class=\"has-text-align-left\" data-align=\"left\">Olej z czarnuszki<\/td><td>250 ml<\/td><td>36,00 z\u0142<\/td><td class=\"has-text-align-center\" data-align=\"center\">w opracowaniu<\/td><\/tr><tr><td class=\"has-text-align-left\" data-align=\"left\">Olej z wiesio\u0142ka<\/td><td>250 ml<\/td><td>56,00 z\u0142<\/td><td class=\"has-text-align-center\" data-align=\"center\">w opracowaniu<\/td><\/tr><\/tbody><\/table><\/figure>\n\n\n\n<p>Poni\u017cej znajduj\u0105 zdj\u0119cia z linkami do moich aktualnych aukcji na ALLEGRO. Kliknij w obrazek  lub link!<\/p>\n\n\n\n<p>Zapraszam do zakup\u00f3w<\/p>\n\n\n\n<!--<a href=\"https:\/\/allegro.pl\/oferta\/trojzestaw-wrotycz-piolun-gozdziki-300-kapsulek-17454740403\" target=_blank\"><img decoding=\"async\" src=\"https:\/\/www.impulsdozdrowia.pl\/wp-content\/uploads\/2023\/07\/nalewka-orzech-zielony.jpeg\" alt=\"Nalewka z orzecha zielonego\" title=\"NACI\u015aNIJ NA OBRAZEK I PRZEJD\u017b DO AUKCJI ALLEGRO LOKALNIE\" style=\"border: 10px green solid;\" ><\/a> -->\n\n\n\n<!--<a href=\"https:\/\/allegrolokalnie.pl\/uzytkownik\/Telovim\" target=\"_blank\" rel=\"noopener\">KUP<\/a>-->\n\n\n\n<p><!--<p>Nalewka z orzecha  w\u0142oskiego <\/p> --><\/p>\n\n\n\n<a href=\"https:\/\/allegro.pl\/oferta\/trojzestaw-wrotycz-piolun-gozdziki-300-kapsulek-17454740403\" target=_blank\"><img decoding=\"async\" src=\"https:\/\/www.impulsdozdrowia.pl\/wp-content\/uploads\/2023\/07\/trojzestaw-1-e1690799859939.jpeg\" alt=\"Tr\u00f3jzestaw\" title=\"NACI\u015aNIJ NA OBRAZEK I PRZEJD\u017b DO AUKCJI ALLEGRO\" style=\"border: 10px green solid;\" ><\/a>\n\n\n\n<!--<a href=\"https:\/\/allegrolokalnie.pl\/uzytkownik\/Telovim\" target=\"_blank\" rel=\"noopener\">AUKCJA ALLEGRO<\/a>-->\n\n\n\n<p><a href=\"https:\/\/allegro.pl\/oferta\/trojzestaw-wrotycz-piolun-gozdziki-300-kapsulek-17454740403\">Tr\u00f3jzestaw \u2013 odrobaczanie: wrotycz, pio\u0142un, go\u017adziki \u2013 300 kapsu\u0142ek<\/a> 160 z\u0142<\/p>\n\n\n\n<a href=\"https:\/\/allegro.pl\/oferta\/zestaw-z-nalewka-wg-h-clark-odrobaczanie-17264468970\" target=_blank\"><img decoding=\"async\" src=\"https:\/\/www.impulsdozdrowia.pl\/wp-content\/uploads\/2023\/07\/zestaw-H-Clark-e1690800622884.jpeg\" alt=\"Zestaw z orzechem zielonym wg.H.Clark\" title=\"NACI\u015aNIJ NA OBRAZEK I PRZEJD\u017b DO AUKCJI OLX\" style=\"border: 10px green solid;\" ><\/a>\n\n\n\n<!--<a href=\"https:\/\/allegrolokalnie.pl\/uzytkownik\/Telovim\" target=\"_blank\" rel=\"noopener\">AUKCJA ALLEGRO<\/a>-->\n\n\n\n<p><a href=\"https:\/\/allegro.pl\/oferta\/zestaw-z-nalewka-wg-h-clark-odrobaczanie-17264468970\">Zestaw z nalewk\u0105 wg Huldy Clark<\/a>. 130z\u0142<\/p>\n\n\n\n<a href=\"https:\/\/allegro.pl\/oferta\/hulda-clark-oczyszczanie-piolun-i-gozdziki-17201886513\" target=_blank\"><img decoding=\"async\" src=\"https:\/\/www.impulsdozdrowia.pl\/wp-content\/uploads\/2023\/07\/HClark-zez-nalewki.jpeg\" alt=\"Zestaw Hulda Clark go\u017adziki i pio\u0142un bez nalewki\" title=\"NACI\u015aNIJ NA OBRAZEK I PRZEJD\u017b DO AUKCJI ALLEGRO\" style=\"border: 10px green solid;\" ><\/a>\n\n\n\n<!--<a href=\"https:\/\/allegrolokalnie.pl\/uzytkownik\/Telovim\" target=\"_blank\" rel=\"noopener\">AUKCJA ALLEGRO<\/a>-->\n\n\n\n<p><a href=\"https:\/\/allegro.pl\/oferta\/hulda-clark-oczyszczanie-piolun-i-gozdziki-17201886513\">Zestaw Hulda Clark go\u017adziki i pio\u0142un bez nalewki<\/a> 95 z\u0142<\/p>\n\n\n\n<!--<a href=\"https:\/\/www.olx.pl\/oferty\/uzytkownik\/3GxQD\/\" target=_blank\"><img decoding=\"async\" src=\"https:\/\/www.impulsdozdrowia.pl\/wp-content\/uploads\/2023\/07\/syrop-bez.jpeg\" alt=\"Syrop z kwiat\u00f3w bzu czarnego\" title=\"NACI\u015aNIJ NA OBRAZEK I PRZEJD\u017b DO AUKCJI OLX\" style=\"border: 10px green solid;\" ><\/a> -->\n\n\n\n<!--<a href=\"https:\/\/allegrolokalnie.pl\/uzytkownik\/Telovim\" target=\"_blank\" rel=\"noopener\">AUKCJA ALLEGRO<\/a> -->\n\n\n\n<a href=\"https:\/\/allegro.pl\/oferta\/hulda-clark-oczyszczanie-piolun-i-gozdziki-zestaw-na-2-miesiace-kuracji-17125195990\" target=_blank\"><img decoding=\"async\" src=\"https:\/\/www.impulsdozdrowia.pl\/wp-content\/uploads\/2025\/02\/WhatsApp-Image-2024-03-19-at-14.19.42.jpeg\" alt=\"Zestaw Hulda Clark go\u017adziki i pio\u0142un bez nalewki\" title=\"NACI\u015aNIJ NA OBRAZEK I PRZEJD\u017b DO AUKCJI ALLEGRO\" style=\"border: 10px green solid;\" ><\/a>\n\n\n\n<p><a href=\"https:\/\/allegro.pl\/oferta\/hulda-clark-oczyszczanie-piolun-i-gozdziki-zestaw-na-2-miesiace-kuracji-17125195990\">Hulda Clark oczyszczanie, pio\u0142un i go\u017adziki zestaw na 2 miesi\u0105ce kuracji!<\/a> 120z\u0142<\/p>\n\n\n\n<pre class=\"wp-block-code\"><code><\/code><\/pre>\n\n\n\n<pre class=\"wp-block-code\"><code><\/code><\/pre>\n\n\n\n<a href=\"https:\/\/allegro.pl\/oferta\/zestaw-z-nalewka-wg-h-clark-odrobaczanie-na-2-miesiace-17332368433\" target=_blank\"><img decoding=\"async\" src=\"https:\/\/www.impulsdozdrowia.pl\/wp-content\/uploads\/2025\/06\/HC-z-nalewka-2-miesiace.jpeg\" alt=\"Zestaw Hulda Clark go\u017adziki i pio\u0142un \" title=\"NACI\u015aNIJ NA OBRAZEK I PRZEJD\u017b DO AUKCJI ALLEGRO\" style=\"border: 10px green solid;\" ><\/a>\n\n\n\n<p><a href=\"https:\/\/www.impulsdozdrowia.pl\/wp-content\/uploads\/2025\/06\/HC-z-nalewka-2-miesiace.jpeg\">Zestaw H.Clark z nalewk\u0105 na 2 miesi\u0105ce kuracji<\/a> 155z\u0142<\/p>\n\n\n\n<a href=\"https:\/\/allegro.pl\/oferta\/kurkuma-imbir-pieprz-cayenne-i-czarny-90-kaps-17201886514\" target=_blank\"><img decoding=\"async\" src=\"https:\/\/www.impulsdozdrowia.pl\/wp-content\/uploads\/2025\/02\/kurkuma_90.jpeg\" alt=\"Zestaw Hulda Clark go\u017adziki i pio\u0142un bez nalewki\" title=\"NACI\u015aNIJ NA OBRAZEK I PRZEJD\u017b DO AUKCJI ALLEGRO\" style=\"border: 10px green solid;\" ><\/a>\n\n\n\n<p><a href=\"https:\/\/allegro.pl\/oferta\/kurkuma-imbir-pieprz-cayenne-i-czarny-90-kaps-17201886514\">Kurkuma Imbir pieprz cayenne i czarny 90 kaps<\/a> 27 z\u0142<\/p>\n\n\n\n<a href=\"https:\/\/allegrolokalnie.pl\/oferta\/trojzestaw-nalewek-ekstrakt-z-piolunu-gozdzika-i-orzecha-zielonego-45h\" target=_blank\"><img decoding=\"async\" src=\"https:\/\/www.impulsdozdrowia.pl\/wp-content\/uploads\/2025\/07\/3nalewki.jpeg\" alt=\"Tr\u00f3jzestaw\" title=\"NACI\u015aNIJ NA OBRAZEK I PRZEJD\u017b DO AUKCJI ALLEGRO\" style=\"border: 10px green solid;\" ><\/a>\n\n\n\n<p><a href=\"https:\/\/allegrolokalnie.pl\/oferta\/trojzestaw-nalewek-ekstrakt-z-piolunu-gozdzika-i-orzecha-zielonego-45h\">Tr\u00f3jzestaw nalewek: ekstrakt z pio\u0142unu, go\u017adzika i orzecha zielonego.<\/a> 100 z\u0142<\/p>\n\n\n\n<a href=\"https:\/\/allegrolokalnie.pl\/oferta\/oczyszczanie-nerek-wg-huldy-clark-imbir-magnez-macznica-lekarska\" target=_blank\"><img decoding=\"async\" src=\"https:\/\/www.impulsdozdrowia.pl\/wp-content\/uploads\/2025\/11\/nerki.jpeg\" alt=\"Nerki\" title=\"NACI\u015aNIJ NA OBRAZEK I PRZEJD\u017b DO AUKCJI ALLEGRO\" style=\"border: 10px green solid;\" ><\/a>\n\n\n\n<p><a href=\"https:\/\/allegrolokalnie.pl\/oferta\/oczyszczanie-nerek-wg-huldy-clark-imbir-magnez-macznica-lekarska\">Oczyszczanie nerek wg. Huldy Clark imbir, magnez, m\u0105cznica lekarska <\/a>75 z\u0142<\/p>\n\n\n\n<p><\/p>\n","protected":false},"excerpt":{"rendered":"<p>Produkt Pojemno\u015b\u0107 Cena Link do zakupu Olej z rzepaku 250 ml 14,00 z\u0142 w opracowaniu Olej z lnu 250 ml 25,00 z\u0142 Lniany Olej z ostropestu 250 ml 26,00 z\u0142 Osteopest Olej z czarnuszki 250 ml 36,00 z\u0142 w opracowaniu Olej z wiesio\u0142ka 250 ml 56,00 z\u0142 w opracowaniu Poni\u017cej znajduj\u0105 zdj\u0119cia z linkami do &hellip; <a href=\"https:\/\/www.impulsdozdrowia.pl\/index.php\/moj-straganik\/\" class=\"more-link\">Czytaj dalej <span class=\"screen-reader-text\">M\u00f3j Straganik<\/span> <span class=\"meta-nav\">&rarr;<\/span><\/a><\/p>\n","protected":false},"author":1,"featured_media":0,"parent":0,"menu_order":8,"comment_status":"closed","ping_status":"closed","template":"","meta":{"footnotes":""},"class_list":["post-167","page","type-page","status-publish","hentry"],"yoast_head":"<!-- This site is optimized with the Yoast SEO plugin v25.0 - https:\/\/yoast.com\/wordpress\/plugins\/seo\/ -->\n<title>M\u00f3j Straganik - Impuls do zdrowia<\/title>\n<meta name=\"robots\" content=\"index, follow, max-snippet:-1, max-image-preview:large, max-video-preview:-1\" \/>\n<link rel=\"canonical\" href=\"https:\/\/www.impulsdozdrowia.pl\/index.php\/moj-straganik\/\" \/>\n<meta property=\"og:locale\" content=\"pl_PL\" \/>\n<meta property=\"og:type\" content=\"article\" \/>\n<meta property=\"og:title\" content=\"M\u00f3j Straganik - Impuls do zdrowia\" \/>\n<meta property=\"og:description\" content=\"Produkt Pojemno\u015b\u0107 Cena Link do zakupu Olej z rzepaku 250 ml 14,00 z\u0142 w opracowaniu Olej z lnu 250 ml 25,00 z\u0142 Lniany Olej z ostropestu 250 ml 26,00 z\u0142 Osteopest Olej z czarnuszki 250 ml 36,00 z\u0142 w opracowaniu Olej z wiesio\u0142ka 250 ml 56,00 z\u0142 w opracowaniu Poni\u017cej znajduj\u0105 zdj\u0119cia z linkami do &hellip; Czytaj dalej M\u00f3j Straganik &rarr;\" \/>\n<meta property=\"og:url\" content=\"https:\/\/www.impulsdozdrowia.pl\/index.php\/moj-straganik\/\" \/>\n<meta property=\"og:site_name\" content=\"Impuls do zdrowia\" \/>\n<meta property=\"article:modified_time\" content=\"2026-01-29T15:24:32+00:00\" \/>\n<meta property=\"og:image\" content=\"https:\/\/www.impulsdozdrowia.pl\/wp-content\/uploads\/2025\/02\/IMPULS-DO-ZDROWIA.png\" \/>\n\t<meta property=\"og:image:width\" content=\"2065\" \/>\n\t<meta property=\"og:image:height\" content=\"482\" \/>\n\t<meta property=\"og:image:type\" content=\"image\/png\" \/>\n<meta name=\"twitter:card\" content=\"summary_large_image\" \/>\n<meta name=\"twitter:label1\" content=\"Szacowany czas czytania\" \/>\n\t<meta name=\"twitter:data1\" content=\"3 minuty\" \/>\n<script type=\"application\/ld+json\" class=\"yoast-schema-graph\">{\"@context\":\"https:\/\/schema.org\",\"@graph\":[{\"@type\":\"WebPage\",\"@id\":\"https:\/\/www.impulsdozdrowia.pl\/index.php\/moj-straganik\/\",\"url\":\"https:\/\/www.impulsdozdrowia.pl\/index.php\/moj-straganik\/\",\"name\":\"M\u00f3j Straganik - Impuls do zdrowia\",\"isPartOf\":{\"@id\":\"https:\/\/www.impulsdozdrowia.pl\/#website\"},\"primaryImageOfPage\":{\"@id\":\"https:\/\/www.impulsdozdrowia.pl\/index.php\/moj-straganik\/#primaryimage\"},\"image\":{\"@id\":\"https:\/\/www.impulsdozdrowia.pl\/index.php\/moj-straganik\/#primaryimage\"},\"thumbnailUrl\":\"https:\/\/www.impulsdozdrowia.pl\/wp-content\/uploads\/2025\/02\/IMPULS-DO-ZDROWIA-1024x239.png\",\"datePublished\":\"2023-07-14T14:03:56+00:00\",\"dateModified\":\"2026-01-29T15:24:32+00:00\",\"breadcrumb\":{\"@id\":\"https:\/\/www.impulsdozdrowia.pl\/index.php\/moj-straganik\/#breadcrumb\"},\"inLanguage\":\"pl-PL\",\"potentialAction\":[{\"@type\":\"ReadAction\",\"target\":[\"https:\/\/www.impulsdozdrowia.pl\/index.php\/moj-straganik\/\"]}]},{\"@type\":\"ImageObject\",\"inLanguage\":\"pl-PL\",\"@id\":\"https:\/\/www.impulsdozdrowia.pl\/index.php\/moj-straganik\/#primaryimage\",\"url\":\"https:\/\/www.impulsdozdrowia.pl\/wp-content\/uploads\/2025\/02\/IMPULS-DO-ZDROWIA.png\",\"contentUrl\":\"https:\/\/www.impulsdozdrowia.pl\/wp-content\/uploads\/2025\/02\/IMPULS-DO-ZDROWIA.png\",\"width\":2065,\"height\":482},{\"@type\":\"BreadcrumbList\",\"@id\":\"https:\/\/www.impulsdozdrowia.pl\/index.php\/moj-straganik\/#breadcrumb\",\"itemListElement\":[{\"@type\":\"ListItem\",\"position\":1,\"name\":\"Strona g\u0142\u00f3wna\",\"item\":\"https:\/\/www.impulsdozdrowia.pl\/\"},{\"@type\":\"ListItem\",\"position\":2,\"name\":\"M\u00f3j Straganik\"}]},{\"@type\":\"WebSite\",\"@id\":\"https:\/\/www.impulsdozdrowia.pl\/#website\",\"url\":\"https:\/\/www.impulsdozdrowia.pl\/\",\"name\":\"Impuls do zdrowia\",\"description\":\"Motywujemy do dbania o swoje zdrowie\",\"potentialAction\":[{\"@type\":\"SearchAction\",\"target\":{\"@type\":\"EntryPoint\",\"urlTemplate\":\"https:\/\/www.impulsdozdrowia.pl\/?s={search_term_string}\"},\"query-input\":{\"@type\":\"PropertyValueSpecification\",\"valueRequired\":true,\"valueName\":\"search_term_string\"}}],\"inLanguage\":\"pl-PL\"}]}<\/script>\n<!-- \/ Yoast SEO plugin. -->","yoast_head_json":{"title":"M\u00f3j Straganik - Impuls do zdrowia","robots":{"index":"index","follow":"follow","max-snippet":"max-snippet:-1","max-image-preview":"max-image-preview:large","max-video-preview":"max-video-preview:-1"},"canonical":"https:\/\/www.impulsdozdrowia.pl\/index.php\/moj-straganik\/","og_locale":"pl_PL","og_type":"article","og_title":"M\u00f3j Straganik - Impuls do zdrowia","og_description":"Produkt Pojemno\u015b\u0107 Cena Link do zakupu Olej z rzepaku 250 ml 14,00 z\u0142 w opracowaniu Olej z lnu 250 ml 25,00 z\u0142 Lniany Olej z ostropestu 250 ml 26,00 z\u0142 Osteopest Olej z czarnuszki 250 ml 36,00 z\u0142 w opracowaniu Olej z wiesio\u0142ka 250 ml 56,00 z\u0142 w opracowaniu Poni\u017cej znajduj\u0105 zdj\u0119cia z linkami do &hellip; Czytaj dalej M\u00f3j Straganik &rarr;","og_url":"https:\/\/www.impulsdozdrowia.pl\/index.php\/moj-straganik\/","og_site_name":"Impuls do zdrowia","article_modified_time":"2026-01-29T15:24:32+00:00","og_image":[{"width":2065,"height":482,"url":"https:\/\/www.impulsdozdrowia.pl\/wp-content\/uploads\/2025\/02\/IMPULS-DO-ZDROWIA.png","type":"image\/png"}],"twitter_card":"summary_large_image","twitter_misc":{"Szacowany czas czytania":"3 minuty"},"schema":{"@context":"https:\/\/schema.org","@graph":[{"@type":"WebPage","@id":"https:\/\/www.impulsdozdrowia.pl\/index.php\/moj-straganik\/","url":"https:\/\/www.impulsdozdrowia.pl\/index.php\/moj-straganik\/","name":"M\u00f3j Straganik - Impuls do zdrowia","isPartOf":{"@id":"https:\/\/www.impulsdozdrowia.pl\/#website"},"primaryImageOfPage":{"@id":"https:\/\/www.impulsdozdrowia.pl\/index.php\/moj-straganik\/#primaryimage"},"image":{"@id":"https:\/\/www.impulsdozdrowia.pl\/index.php\/moj-straganik\/#primaryimage"},"thumbnailUrl":"https:\/\/www.impulsdozdrowia.pl\/wp-content\/uploads\/2025\/02\/IMPULS-DO-ZDROWIA-1024x239.png","datePublished":"2023-07-14T14:03:56+00:00","dateModified":"2026-01-29T15:24:32+00:00","breadcrumb":{"@id":"https:\/\/www.impulsdozdrowia.pl\/index.php\/moj-straganik\/#breadcrumb"},"inLanguage":"pl-PL","potentialAction":[{"@type":"ReadAction","target":["https:\/\/www.impulsdozdrowia.pl\/index.php\/moj-straganik\/"]}]},{"@type":"ImageObject","inLanguage":"pl-PL","@id":"https:\/\/www.impulsdozdrowia.pl\/index.php\/moj-straganik\/#primaryimage","url":"https:\/\/www.impulsdozdrowia.pl\/wp-content\/uploads\/2025\/02\/IMPULS-DO-ZDROWIA.png","contentUrl":"https:\/\/www.impulsdozdrowia.pl\/wp-content\/uploads\/2025\/02\/IMPULS-DO-ZDROWIA.png","width":2065,"height":482},{"@type":"BreadcrumbList","@id":"https:\/\/www.impulsdozdrowia.pl\/index.php\/moj-straganik\/#breadcrumb","itemListElement":[{"@type":"ListItem","position":1,"name":"Strona g\u0142\u00f3wna","item":"https:\/\/www.impulsdozdrowia.pl\/"},{"@type":"ListItem","position":2,"name":"M\u00f3j Straganik"}]},{"@type":"WebSite","@id":"https:\/\/www.impulsdozdrowia.pl\/#website","url":"https:\/\/www.impulsdozdrowia.pl\/","name":"Impuls do zdrowia","description":"Motywujemy do dbania o swoje zdrowie","potentialAction":[{"@type":"SearchAction","target":{"@type":"EntryPoint","urlTemplate":"https:\/\/www.impulsdozdrowia.pl\/?s={search_term_string}"},"query-input":{"@type":"PropertyValueSpecification","valueRequired":true,"valueName":"search_term_string"}}],"inLanguage":"pl-PL"}]}},"_links":{"self":[{"href":"https:\/\/www.impulsdozdrowia.pl\/index.php\/wp-json\/wp\/v2\/pages\/167","targetHints":{"allow":["GET"]}}],"collection":[{"href":"https:\/\/www.impulsdozdrowia.pl\/index.php\/wp-json\/wp\/v2\/pages"}],"about":[{"href":"https:\/\/www.impulsdozdrowia.pl\/index.php\/wp-json\/wp\/v2\/types\/page"}],"author":[{"embeddable":true,"href":"https:\/\/www.impulsdozdrowia.pl\/index.php\/wp-json\/wp\/v2\/users\/1"}],"replies":[{"embeddable":true,"href":"https:\/\/www.impulsdozdrowia.pl\/index.php\/wp-json\/wp\/v2\/comments?post=167"}],"version-history":[{"count":115,"href":"https:\/\/www.impulsdozdrowia.pl\/index.php\/wp-json\/wp\/v2\/pages\/167\/revisions"}],"predecessor-version":[{"id":615,"href":"https:\/\/www.impulsdozdrowia.pl\/index.php\/wp-json\/wp\/v2\/pages\/167\/revisions\/615"}],"wp:attachment":[{"href":"https:\/\/www.impulsdozdrowia.pl\/index.php\/wp-json\/wp\/v2\/media?parent=167"}],"curies":[{"name":"wp","href":"https:\/\/api.w.org\/{rel}","templated":true}]}}