{"id":581,"date":"2025-07-09T16:31:43","date_gmt":"2025-07-09T14:31:43","guid":{"rendered":"https:\/\/www.impulsdozdrowia.pl\/?page_id=581"},"modified":"2025-07-11T15:24:56","modified_gmt":"2025-07-11T13:24:56","slug":"oczyszczanie-jelit-przy-pomocy-nalewek-ziolowych-z-piolunu-gozdzika-i-orzecha-zielonego","status":"publish","type":"page","link":"https:\/\/www.impulsdozdrowia.pl\/index.php\/oczyszczanie-wg-huldy-clark\/oczyszczanie-jelit-przy-pomocy-nalewek-ziolowych-z-piolunu-gozdzika-i-orzecha-zielonego\/","title":{"rendered":"Oczyszczanie jelit przy pomocy nalewek zio\u0142owych z pio\u0142unu, go\u017adzika i orzecha zielonego."},"content":{"rendered":"<div class=\"wp-block-image\">\n<figure class=\"aligncenter size-large is-resized\"><img loading=\"lazy\" decoding=\"async\" width=\"1024\" height=\"1024\" src=\"https:\/\/www.impulsdozdrowia.pl\/wp-content\/uploads\/2025\/07\/3nalewki-1024x1024.jpeg\" alt=\"\" class=\"wp-image-591\" style=\"width:480px;height:auto\" srcset=\"https:\/\/www.impulsdozdrowia.pl\/wp-content\/uploads\/2025\/07\/3nalewki-1024x1024.jpeg 1024w, https:\/\/www.impulsdozdrowia.pl\/wp-content\/uploads\/2025\/07\/3nalewki-300x300.jpeg 300w, https:\/\/www.impulsdozdrowia.pl\/wp-content\/uploads\/2025\/07\/3nalewki-150x150.jpeg 150w, https:\/\/www.impulsdozdrowia.pl\/wp-content\/uploads\/2025\/07\/3nalewki-768x768.jpeg 768w, https:\/\/www.impulsdozdrowia.pl\/wp-content\/uploads\/2025\/07\/3nalewki-1536x1536.jpeg 1536w, https:\/\/www.impulsdozdrowia.pl\/wp-content\/uploads\/2025\/07\/3nalewki.jpeg 2048w\" sizes=\"auto, (max-width: 1024px) 100vw, 1024px\" \/><\/figure><\/div>\n\n\n<p>Poni\u017csza kuracja i dawkowanie jest przeznaczone dla os\u00f3b doros\u0142ych i dzieci o wadze przekraczaj\u0105cej 46 kg.  Dawkowanie dla dzieci jest do pobrania w plikach poni\u017cej artyku\u0142u. <\/p>\n\n\n\n<figure class=\"wp-block-table\"><table class=\"has-fixed-layout\"><tbody><tr><td>Dzie\u0144 kuracji<\/td><td>Ekstrakt z go\u017adzik\u00f3w<\/td><td>Ekstrakt z pio\u0142unu<\/td><td>Ekstrakt z orzecha<\/td><\/tr><tr><td>1-17<\/td><td>7 kropli rano 7 kropli w po\u0142udnie 7 kropli wieczorem<\/td><td>10 kropli rano &nbsp; 10 kropli wieczorem<\/td><td>5 ml rano &nbsp; 5 ml wieczorem<\/td><\/tr><\/tbody><\/table><\/figure>\n\n\n\n<p><strong>Cykl przeprowadzania oczyszczania jelit: 3 x po 17 dni z przerwami trwaj\u0105cymi 2 i p\u00f3\u0142 miesi\u0105ca.<\/strong><\/p>\n\n\n\n<figure class=\"wp-block-table\"><table class=\"has-fixed-layout\"><tbody><tr><td>Pierwszy raz \u2013 17dni<\/td><td rowspan=\"5\">Po zako\u0144czeniu cyklu oczyszczania jelit (3 razy po 17 dni), zalecane jest powtarzanie w odst\u0119pach 6 miesi\u0119cznych jednego 17dniowego zabiegu oczyszczania jelit.<\/td><\/tr><tr><td>Przerwa 2 \u00bd miesi\u0105ca<\/td><\/tr><tr><td>Drugi raz \u2013 17 dni<\/td><\/tr><tr><td>Przerwa 2 \u00bd miesi\u0105ca<\/td><\/tr><tr><td>Trzeci raz \u2013 17 dni<\/td><\/tr><\/tbody><\/table><\/figure>\n\n\n\n<p><strong>RANO <\/strong>na pusty \u017co\u0142\u0105dek:<\/p>\n\n\n\n<ul class=\"wp-block-list\">\n<li>4 \u0142y\u017cki zimnej wody<\/li>\n\n\n\n<li>5 ml ekstraktu z orzecha<\/li>\n\n\n\n<li>7 kropli ekstraktu z go\u017adzik\u00f3w<\/li>\n\n\n\n<li>10 kropli ekstraktu z pio\u0142unu<\/li>\n<\/ul>\n\n\n\n<p>Wszystko zmiesza\u0107 i wypi\u0107, odczeka\u0107 min. 15 minut zanim si\u0119 co\u015b zje lub wypije.<\/p>\n\n\n\n<p><strong>W PO\u0141UDNIE <\/strong>na pusty \u017co\u0142\u0105dek:<\/p>\n\n\n\n<ul class=\"wp-block-list\">\n<li>2 \u0142y\u017cki zimnej wody<\/li>\n\n\n\n<li>7 kropli ekstraktu z go\u017adzik\u00f3w<\/li>\n<\/ul>\n\n\n\n<p>Sk\u0142adniki zmiesza\u0107 i wypi\u0107, odczeka\u0107 15 minut przed przyj\u0119ciem posi\u0142ku.<\/p>\n\n\n\n<p><strong>PRZED KOLACJ\u0104<\/strong> na pusty \u017co\u0142\u0105dek:<\/p>\n\n\n\n<ul class=\"wp-block-list\">\n<li>4 \u0142y\u017cki zimnej wody<\/li>\n\n\n\n<li>7 kropli ekstraktu z go\u017adzik\u00f3w<\/li>\n\n\n\n<li>10 kropli ekstraktu z pio\u0142unu<\/li>\n<\/ul>\n\n\n\n<p>Sk\u0142adniki zmiesza\u0107 i wypi\u0107, odczeka\u0107 15 minut przed przyj\u0119ciem posi\u0142ku.<\/p>\n\n\n\n<p><strong>PRZED SNEM <\/strong>minimum 1,5 godziny po kolacji wypi\u0107 5 ml ekstraktu z orzecha rozcie\u0144czonego w ma\u0142ej ilo\u015bci wody.<\/p>\n\n\n\n<p>W czasie oczyszczania ekstrakty i wod\u0119 do rozcie\u0144czania przechowywa\u0107 w lod\u00f3wce, poniewa\u017c sch\u0142odzony ekstrakt zwi\u0119ksza skuteczno\u015b\u0107 oczyszczania.<\/p>\n\n\n\n<p><br><strong>Zalecenia i przeciwskazania przy oczyszczaniu jelit:<\/strong><\/p>\n\n\n\n<p>Oczyszczanie jelit mo\u017cna stosowa\u0107 u dzieci dopiero po uko\u0144czeniu 6 roku \u017cycia i dostosowane do wagi dziecka. Patrz opracowane tabele.<\/p>\n\n\n\n<p>Pierwszego dnia kuracji mo\u017cna zrobi\u0107 lewatyw\u0119, jednak nie jest to konieczne.<\/p>\n\n\n\n<p>Nale\u017cy pi\u0107 minimum 1 \u00bd litra wody dziennie.<\/p>\n\n\n\n<p>Podczas oczyszczania jelit mo\u017ce pojawi\u0107 si\u0119 lu\u017any stolec, gazy jelitowe b\u0105d\u017a zaparcia. W takim przypadku nale\u017cy zweryfikowa\u0107 swoj\u0105 diet\u0119, unika\u0107 potraw sma\u017conych, bardzo t\u0142ustych i ci\u0119\u017ckostrawnych.<\/p>\n\n\n\n<p>W czasie kuracji mo\u017ce wyst\u0105pi\u0107 uczucie zm\u0119czenia, kt\u00f3re jest przej\u015bciow\u0105&nbsp; reakcj\u0105.<\/p>\n\n\n\n<p>Kuracji nie wolno stosowa\u0107 w czasie ci\u0105\u017cy i karmienia piersi\u0105. Po porodzie i zako\u0144czeniu karmienia piersi\u0105 nale\u017cy odczeka\u0107 3 miesi\u0105ce przed rozpocz\u0119ciem kuracji.<\/p>\n\n\n\n<p>Je\u017celi wyst\u0105pi infekcja\/przezi\u0119bienie w trakcie kuracji to nale\u017cy j\u0105 przerwa\u0107 i rozpocz\u0105\u0107 ponownie po wyleczeniu.<\/p>\n\n\n\n<p>Nie wolno stosowa\u0107 kuracji w czasie przyjmowania antybiotyk\u00f3w, po szczepieniu (wtedy nale\u017cy odczeka\u0107 4 tygodnie), po ka\u017cdym zabiegu chirurgicznym (wtedy nale\u017cy odczeka\u0107 3 miesi\u0105ce)<\/p>\n\n\n\n<p>W czasie chemioterapii nie wolno przeprowadza\u0107 kuracji, je\u017celi chemioterapia jest zaplanowana to kuracja powinna sko\u0144czy\u0107 si\u0119 na tydzie\u0144 przed zabiegami. Po chemioterapii nale\u017cy odczeka\u0107 2 tygodnie z rozpocz\u0119ciem kuracji.<\/p>\n\n\n\n<p>R\u00f3wnie\u017c w czasie przyjmowania lek\u00f3w cytostatycznych nie wolno przeprowadza\u0107 kuracji.<\/p>\n\n\n\n<p>Nie wolno \u0142\u0105czy\u0107 kuracji oczyszczania jelit z innymi kuracjami zio\u0142owymi lub homeopatycznymi, g\u0142od\u00f3wk\u0105 i innymi terapiami naturalnymi. Ka\u017cd\u0105 z takich kuracji przeprowadza si\u0119 osobno.<\/p>\n\n\n\n<p>W przypadku os\u00f3b z niewydolno\u015bci\u0105 kr\u0105\u017cenia lub nerek b\u0105d\u017a innymi problemami z sercem nale\u017cy skonsultowa\u0107 tak\u0105 kuracj\u0119 z lekarzem specjalist\u0105.<\/p>\n\n\n\n<p>Osoby po 60 roku \u017cycia powinny rozpocz\u0105\u0107 kuracj\u0119 od po\u0142owy dawki, obserwuj\u0105c samopoczucie i kiedy odczucia b\u0119d\u0105 dobre to wtedy stopniowo zwi\u0119ksza\u0107 dawk\u0119 a\u017c do pe\u0142nej zalecanej.<\/p>\n\n\n\n<div data-wp-interactive=\"core\/file\" class=\"wp-block-file\"><object data-wp-bind--hidden=\"!state.hasPdfPreview\" hidden class=\"wp-block-file__embed\" data=\"https:\/\/www.impulsdozdrowia.pl\/wp-content\/uploads\/2025\/07\/Oczyszczanie-jelit-przy-pomocy-nalewek-dla-dzieci-20-25-kg-1.pdf\" type=\"application\/pdf\" style=\"width:100%;height:600px\" aria-label=\"Osadzone z Oczyszczanie jelit przy pomocy nalewek  dla dzieci 20-25 kg.\"><\/object><a id=\"wp-block-file--media-050ec44d-b61d-48f2-897e-9505cf6d7f5b\" href=\"https:\/\/www.impulsdozdrowia.pl\/wp-content\/uploads\/2025\/07\/Oczyszczanie-jelit-przy-pomocy-nalewek-dla-dzieci-20-25-kg-1.pdf\">Oczyszczanie jelit przy pomocy nalewek  dla dzieci 20-25 kg<\/a><a href=\"https:\/\/www.impulsdozdrowia.pl\/wp-content\/uploads\/2025\/07\/Oczyszczanie-jelit-przy-pomocy-nalewek-dla-dzieci-20-25-kg-1.pdf\" class=\"wp-block-file__button wp-element-button\" download aria-describedby=\"wp-block-file--media-050ec44d-b61d-48f2-897e-9505cf6d7f5b\">Pobierz<\/a><\/div>\n\n\n\n<div data-wp-interactive=\"core\/file\" class=\"wp-block-file\"><object data-wp-bind--hidden=\"!state.hasPdfPreview\" hidden class=\"wp-block-file__embed\" data=\"https:\/\/www.impulsdozdrowia.pl\/wp-content\/uploads\/2025\/07\/Oczyszczanie-jelit-przy-pomocy-nalewek-dla-dzieci-26-35-kg.pdf\" type=\"application\/pdf\" style=\"width:100%;height:600px\" aria-label=\"Osadzone z Oczyszczanie jelit przy pomocy nalewek  dla dzieci 26-35 kg.\"><\/object><a id=\"wp-block-file--media-6dd03916-ad23-4d2b-a5f4-8a941d86a74c\" href=\"https:\/\/www.impulsdozdrowia.pl\/wp-content\/uploads\/2025\/07\/Oczyszczanie-jelit-przy-pomocy-nalewek-dla-dzieci-26-35-kg.pdf\">Oczyszczanie jelit przy pomocy nalewek  dla dzieci 26-35 kg<\/a><a href=\"https:\/\/www.impulsdozdrowia.pl\/wp-content\/uploads\/2025\/07\/Oczyszczanie-jelit-przy-pomocy-nalewek-dla-dzieci-26-35-kg.pdf\" class=\"wp-block-file__button wp-element-button\" download aria-describedby=\"wp-block-file--media-6dd03916-ad23-4d2b-a5f4-8a941d86a74c\">Pobierz<\/a><\/div>\n\n\n\n<div data-wp-interactive=\"core\/file\" class=\"wp-block-file\"><object data-wp-bind--hidden=\"!state.hasPdfPreview\" hidden class=\"wp-block-file__embed\" data=\"https:\/\/www.impulsdozdrowia.pl\/wp-content\/uploads\/2025\/07\/Oczyszczanie-jelit-przy-pomocy-nalewek-dla-dzieci-36-45-kg.pdf\" type=\"application\/pdf\" style=\"width:100%;height:600px\" aria-label=\"Osadzone z Oczyszczanie jelit przy pomocy nalewek  dla dzieci 36-45 kg.\"><\/object><a id=\"wp-block-file--media-2abec763-099d-41c9-a446-81613c724fd8\" href=\"https:\/\/www.impulsdozdrowia.pl\/wp-content\/uploads\/2025\/07\/Oczyszczanie-jelit-przy-pomocy-nalewek-dla-dzieci-36-45-kg.pdf\">Oczyszczanie jelit przy pomocy nalewek  dla dzieci 36-45 kg<\/a><a href=\"https:\/\/www.impulsdozdrowia.pl\/wp-content\/uploads\/2025\/07\/Oczyszczanie-jelit-przy-pomocy-nalewek-dla-dzieci-36-45-kg.pdf\" class=\"wp-block-file__button wp-element-button\" download aria-describedby=\"wp-block-file--media-2abec763-099d-41c9-a446-81613c724fd8\">Pobierz<\/a><\/div>\n\n\n\n<div data-wp-interactive=\"core\/file\" class=\"wp-block-file\"><object data-wp-bind--hidden=\"!state.hasPdfPreview\" hidden class=\"wp-block-file__embed\" data=\"https:\/\/www.impulsdozdrowia.pl\/wp-content\/uploads\/2025\/07\/Oczyszczanie-jelit-przy-pomocy-nalewek-dla-dorosych-i-dzieci-powyzej-46-kg.pdf\" type=\"application\/pdf\" style=\"width:100%;height:600px\" aria-label=\"Osadzone z Oczyszczanie jelit przy pomocy nalewek dla dorosych i dzieci powy\u017cej 46 kg.\"><\/object><a id=\"wp-block-file--media-b5f52134-8b92-403c-8553-ecc9b98729b4\" href=\"https:\/\/www.impulsdozdrowia.pl\/wp-content\/uploads\/2025\/07\/Oczyszczanie-jelit-przy-pomocy-nalewek-dla-dorosych-i-dzieci-powyzej-46-kg.pdf\">Oczyszczanie jelit przy pomocy nalewek dla dorosych i dzieci powy\u017cej 46 kg<\/a><a href=\"https:\/\/www.impulsdozdrowia.pl\/wp-content\/uploads\/2025\/07\/Oczyszczanie-jelit-przy-pomocy-nalewek-dla-dorosych-i-dzieci-powyzej-46-kg.pdf\" class=\"wp-block-file__button wp-element-button\" download aria-describedby=\"wp-block-file--media-b5f52134-8b92-403c-8553-ecc9b98729b4\">Pobierz<\/a><\/div>\n\n\n\n<div data-wp-interactive=\"core\/file\" class=\"wp-block-file\"><object data-wp-bind--hidden=\"!state.hasPdfPreview\" hidden class=\"wp-block-file__embed\" data=\"https:\/\/www.impulsdozdrowia.pl\/wp-content\/uploads\/2025\/07\/Zalecenia-i-przeciwskazania-przy-oczyszczaniu-jelit.pdf\" type=\"application\/pdf\" style=\"width:100%;height:600px\" aria-label=\"Osadzone z Zalecenia i przeciwskazania przy oczyszczaniu jelit.\"><\/object><a id=\"wp-block-file--media-47d4279d-d640-4eb3-9d38-1d6e7d2cb9fe\" href=\"https:\/\/www.impulsdozdrowia.pl\/wp-content\/uploads\/2025\/07\/Zalecenia-i-przeciwskazania-przy-oczyszczaniu-jelit.pdf\">Zalecenia i przeciwskazania przy oczyszczaniu jelit<\/a><a href=\"https:\/\/www.impulsdozdrowia.pl\/wp-content\/uploads\/2025\/07\/Zalecenia-i-przeciwskazania-przy-oczyszczaniu-jelit.pdf\" class=\"wp-block-file__button wp-element-button\" download aria-describedby=\"wp-block-file--media-47d4279d-d640-4eb3-9d38-1d6e7d2cb9fe\">Pobierz<\/a><\/div>\n\n\n\n<p>Opracowano na podstawie ksi\u0105\u017cek L.K. Elmborg<\/p>\n","protected":false},"excerpt":{"rendered":"<p>Poni\u017csza kuracja i dawkowanie jest przeznaczone dla os\u00f3b doros\u0142ych i dzieci o wadze przekraczaj\u0105cej 46 kg. Dawkowanie dla dzieci jest do pobrania w plikach poni\u017cej artyku\u0142u. Dzie\u0144 kuracji Ekstrakt z go\u017adzik\u00f3w Ekstrakt z pio\u0142unu Ekstrakt z orzecha 1-17 7 kropli rano 7 kropli w po\u0142udnie 7 kropli wieczorem 10 kropli rano &nbsp; 10 kropli wieczorem &hellip; <a href=\"https:\/\/www.impulsdozdrowia.pl\/index.php\/oczyszczanie-wg-huldy-clark\/oczyszczanie-jelit-przy-pomocy-nalewek-ziolowych-z-piolunu-gozdzika-i-orzecha-zielonego\/\" class=\"more-link\">Czytaj dalej <span class=\"screen-reader-text\">Oczyszczanie jelit przy pomocy nalewek zio\u0142owych z pio\u0142unu, go\u017adzika i orzecha zielonego.<\/span> <span class=\"meta-nav\">&rarr;<\/span><\/a><\/p>\n","protected":false},"author":2,"featured_media":0,"parent":137,"menu_order":0,"comment_status":"closed","ping_status":"closed","template":"","meta":{"footnotes":""},"class_list":["post-581","page","type-page","status-publish","hentry"],"yoast_head":"<!-- This site is optimized with the Yoast SEO plugin v25.0 - https:\/\/yoast.com\/wordpress\/plugins\/seo\/ -->\n<title>Oczyszczanie jelit przy pomocy nalewek zio\u0142owych z pio\u0142unu, go\u017adzika i orzecha zielonego. - Impuls do zdrowia<\/title>\n<meta name=\"robots\" content=\"index, follow, max-snippet:-1, max-image-preview:large, max-video-preview:-1\" \/>\n<link rel=\"canonical\" href=\"https:\/\/www.impulsdozdrowia.pl\/index.php\/oczyszczanie-wg-huldy-clark\/oczyszczanie-jelit-przy-pomocy-nalewek-ziolowych-z-piolunu-gozdzika-i-orzecha-zielonego\/\" \/>\n<meta property=\"og:locale\" content=\"pl_PL\" \/>\n<meta property=\"og:type\" content=\"article\" \/>\n<meta property=\"og:title\" content=\"Oczyszczanie jelit przy pomocy nalewek zio\u0142owych z pio\u0142unu, go\u017adzika i orzecha zielonego. - Impuls do zdrowia\" \/>\n<meta property=\"og:description\" content=\"Poni\u017csza kuracja i dawkowanie jest przeznaczone dla os\u00f3b doros\u0142ych i dzieci o wadze przekraczaj\u0105cej 46 kg. Dawkowanie dla dzieci jest do pobrania w plikach poni\u017cej artyku\u0142u. Dzie\u0144 kuracji Ekstrakt z go\u017adzik\u00f3w Ekstrakt z pio\u0142unu Ekstrakt z orzecha 1-17 7 kropli rano 7 kropli w po\u0142udnie 7 kropli wieczorem 10 kropli rano &nbsp; 10 kropli wieczorem &hellip; Czytaj dalej Oczyszczanie jelit przy pomocy nalewek zio\u0142owych z pio\u0142unu, go\u017adzika i orzecha zielonego. &rarr;\" \/>\n<meta property=\"og:url\" content=\"https:\/\/www.impulsdozdrowia.pl\/index.php\/oczyszczanie-wg-huldy-clark\/oczyszczanie-jelit-przy-pomocy-nalewek-ziolowych-z-piolunu-gozdzika-i-orzecha-zielonego\/\" \/>\n<meta property=\"og:site_name\" content=\"Impuls do zdrowia\" \/>\n<meta property=\"article:modified_time\" content=\"2025-07-11T13:24:56+00:00\" \/>\n<meta property=\"og:image\" content=\"https:\/\/www.impulsdozdrowia.pl\/wp-content\/uploads\/2025\/07\/3nalewki.jpeg\" \/>\n\t<meta property=\"og:image:width\" content=\"2048\" \/>\n\t<meta property=\"og:image:height\" content=\"2048\" \/>\n\t<meta property=\"og:image:type\" content=\"image\/jpeg\" \/>\n<meta name=\"twitter:card\" content=\"summary_large_image\" \/>\n<meta name=\"twitter:label1\" content=\"Szacowany czas czytania\" \/>\n\t<meta name=\"twitter:data1\" content=\"4 minuty\" \/>\n<script type=\"application\/ld+json\" class=\"yoast-schema-graph\">{\"@context\":\"https:\/\/schema.org\",\"@graph\":[{\"@type\":\"WebPage\",\"@id\":\"https:\/\/www.impulsdozdrowia.pl\/index.php\/oczyszczanie-wg-huldy-clark\/oczyszczanie-jelit-przy-pomocy-nalewek-ziolowych-z-piolunu-gozdzika-i-orzecha-zielonego\/\",\"url\":\"https:\/\/www.impulsdozdrowia.pl\/index.php\/oczyszczanie-wg-huldy-clark\/oczyszczanie-jelit-przy-pomocy-nalewek-ziolowych-z-piolunu-gozdzika-i-orzecha-zielonego\/\",\"name\":\"Oczyszczanie jelit przy pomocy nalewek zio\u0142owych z pio\u0142unu, go\u017adzika i orzecha zielonego. - Impuls do zdrowia\",\"isPartOf\":{\"@id\":\"https:\/\/www.impulsdozdrowia.pl\/#website\"},\"primaryImageOfPage\":{\"@id\":\"https:\/\/www.impulsdozdrowia.pl\/index.php\/oczyszczanie-wg-huldy-clark\/oczyszczanie-jelit-przy-pomocy-nalewek-ziolowych-z-piolunu-gozdzika-i-orzecha-zielonego\/#primaryimage\"},\"image\":{\"@id\":\"https:\/\/www.impulsdozdrowia.pl\/index.php\/oczyszczanie-wg-huldy-clark\/oczyszczanie-jelit-przy-pomocy-nalewek-ziolowych-z-piolunu-gozdzika-i-orzecha-zielonego\/#primaryimage\"},\"thumbnailUrl\":\"https:\/\/www.impulsdozdrowia.pl\/wp-content\/uploads\/2025\/07\/3nalewki-1024x1024.jpeg\",\"datePublished\":\"2025-07-09T14:31:43+00:00\",\"dateModified\":\"2025-07-11T13:24:56+00:00\",\"breadcrumb\":{\"@id\":\"https:\/\/www.impulsdozdrowia.pl\/index.php\/oczyszczanie-wg-huldy-clark\/oczyszczanie-jelit-przy-pomocy-nalewek-ziolowych-z-piolunu-gozdzika-i-orzecha-zielonego\/#breadcrumb\"},\"inLanguage\":\"pl-PL\",\"potentialAction\":[{\"@type\":\"ReadAction\",\"target\":[\"https:\/\/www.impulsdozdrowia.pl\/index.php\/oczyszczanie-wg-huldy-clark\/oczyszczanie-jelit-przy-pomocy-nalewek-ziolowych-z-piolunu-gozdzika-i-orzecha-zielonego\/\"]}]},{\"@type\":\"ImageObject\",\"inLanguage\":\"pl-PL\",\"@id\":\"https:\/\/www.impulsdozdrowia.pl\/index.php\/oczyszczanie-wg-huldy-clark\/oczyszczanie-jelit-przy-pomocy-nalewek-ziolowych-z-piolunu-gozdzika-i-orzecha-zielonego\/#primaryimage\",\"url\":\"https:\/\/www.impulsdozdrowia.pl\/wp-content\/uploads\/2025\/07\/3nalewki.jpeg\",\"contentUrl\":\"https:\/\/www.impulsdozdrowia.pl\/wp-content\/uploads\/2025\/07\/3nalewki.jpeg\",\"width\":2048,\"height\":2048},{\"@type\":\"BreadcrumbList\",\"@id\":\"https:\/\/www.impulsdozdrowia.pl\/index.php\/oczyszczanie-wg-huldy-clark\/oczyszczanie-jelit-przy-pomocy-nalewek-ziolowych-z-piolunu-gozdzika-i-orzecha-zielonego\/#breadcrumb\",\"itemListElement\":[{\"@type\":\"ListItem\",\"position\":1,\"name\":\"Strona g\u0142\u00f3wna\",\"item\":\"https:\/\/www.impulsdozdrowia.pl\/\"},{\"@type\":\"ListItem\",\"position\":2,\"name\":\"Odrobaczanie\",\"item\":\"https:\/\/www.impulsdozdrowia.pl\/index.php\/oczyszczanie-wg-huldy-clark\/\"},{\"@type\":\"ListItem\",\"position\":3,\"name\":\"Oczyszczanie jelit przy pomocy nalewek zio\u0142owych z pio\u0142unu, go\u017adzika i orzecha zielonego.\"}]},{\"@type\":\"WebSite\",\"@id\":\"https:\/\/www.impulsdozdrowia.pl\/#website\",\"url\":\"https:\/\/www.impulsdozdrowia.pl\/\",\"name\":\"Impuls do zdrowia\",\"description\":\"Motywujemy do dbania o swoje zdrowie\",\"potentialAction\":[{\"@type\":\"SearchAction\",\"target\":{\"@type\":\"EntryPoint\",\"urlTemplate\":\"https:\/\/www.impulsdozdrowia.pl\/?s={search_term_string}\"},\"query-input\":{\"@type\":\"PropertyValueSpecification\",\"valueRequired\":true,\"valueName\":\"search_term_string\"}}],\"inLanguage\":\"pl-PL\"}]}<\/script>\n<!-- \/ Yoast SEO plugin. -->","yoast_head_json":{"title":"Oczyszczanie jelit przy pomocy nalewek zio\u0142owych z pio\u0142unu, go\u017adzika i orzecha zielonego. - Impuls do zdrowia","robots":{"index":"index","follow":"follow","max-snippet":"max-snippet:-1","max-image-preview":"max-image-preview:large","max-video-preview":"max-video-preview:-1"},"canonical":"https:\/\/www.impulsdozdrowia.pl\/index.php\/oczyszczanie-wg-huldy-clark\/oczyszczanie-jelit-przy-pomocy-nalewek-ziolowych-z-piolunu-gozdzika-i-orzecha-zielonego\/","og_locale":"pl_PL","og_type":"article","og_title":"Oczyszczanie jelit przy pomocy nalewek zio\u0142owych z pio\u0142unu, go\u017adzika i orzecha zielonego. - Impuls do zdrowia","og_description":"Poni\u017csza kuracja i dawkowanie jest przeznaczone dla os\u00f3b doros\u0142ych i dzieci o wadze przekraczaj\u0105cej 46 kg. Dawkowanie dla dzieci jest do pobrania w plikach poni\u017cej artyku\u0142u. Dzie\u0144 kuracji Ekstrakt z go\u017adzik\u00f3w Ekstrakt z pio\u0142unu Ekstrakt z orzecha 1-17 7 kropli rano 7 kropli w po\u0142udnie 7 kropli wieczorem 10 kropli rano &nbsp; 10 kropli wieczorem &hellip; Czytaj dalej Oczyszczanie jelit przy pomocy nalewek zio\u0142owych z pio\u0142unu, go\u017adzika i orzecha zielonego. &rarr;","og_url":"https:\/\/www.impulsdozdrowia.pl\/index.php\/oczyszczanie-wg-huldy-clark\/oczyszczanie-jelit-przy-pomocy-nalewek-ziolowych-z-piolunu-gozdzika-i-orzecha-zielonego\/","og_site_name":"Impuls do zdrowia","article_modified_time":"2025-07-11T13:24:56+00:00","og_image":[{"width":2048,"height":2048,"url":"https:\/\/www.impulsdozdrowia.pl\/wp-content\/uploads\/2025\/07\/3nalewki.jpeg","type":"image\/jpeg"}],"twitter_card":"summary_large_image","twitter_misc":{"Szacowany czas czytania":"4 minuty"},"schema":{"@context":"https:\/\/schema.org","@graph":[{"@type":"WebPage","@id":"https:\/\/www.impulsdozdrowia.pl\/index.php\/oczyszczanie-wg-huldy-clark\/oczyszczanie-jelit-przy-pomocy-nalewek-ziolowych-z-piolunu-gozdzika-i-orzecha-zielonego\/","url":"https:\/\/www.impulsdozdrowia.pl\/index.php\/oczyszczanie-wg-huldy-clark\/oczyszczanie-jelit-przy-pomocy-nalewek-ziolowych-z-piolunu-gozdzika-i-orzecha-zielonego\/","name":"Oczyszczanie jelit przy pomocy nalewek zio\u0142owych z pio\u0142unu, go\u017adzika i orzecha zielonego. - Impuls do zdrowia","isPartOf":{"@id":"https:\/\/www.impulsdozdrowia.pl\/#website"},"primaryImageOfPage":{"@id":"https:\/\/www.impulsdozdrowia.pl\/index.php\/oczyszczanie-wg-huldy-clark\/oczyszczanie-jelit-przy-pomocy-nalewek-ziolowych-z-piolunu-gozdzika-i-orzecha-zielonego\/#primaryimage"},"image":{"@id":"https:\/\/www.impulsdozdrowia.pl\/index.php\/oczyszczanie-wg-huldy-clark\/oczyszczanie-jelit-przy-pomocy-nalewek-ziolowych-z-piolunu-gozdzika-i-orzecha-zielonego\/#primaryimage"},"thumbnailUrl":"https:\/\/www.impulsdozdrowia.pl\/wp-content\/uploads\/2025\/07\/3nalewki-1024x1024.jpeg","datePublished":"2025-07-09T14:31:43+00:00","dateModified":"2025-07-11T13:24:56+00:00","breadcrumb":{"@id":"https:\/\/www.impulsdozdrowia.pl\/index.php\/oczyszczanie-wg-huldy-clark\/oczyszczanie-jelit-przy-pomocy-nalewek-ziolowych-z-piolunu-gozdzika-i-orzecha-zielonego\/#breadcrumb"},"inLanguage":"pl-PL","potentialAction":[{"@type":"ReadAction","target":["https:\/\/www.impulsdozdrowia.pl\/index.php\/oczyszczanie-wg-huldy-clark\/oczyszczanie-jelit-przy-pomocy-nalewek-ziolowych-z-piolunu-gozdzika-i-orzecha-zielonego\/"]}]},{"@type":"ImageObject","inLanguage":"pl-PL","@id":"https:\/\/www.impulsdozdrowia.pl\/index.php\/oczyszczanie-wg-huldy-clark\/oczyszczanie-jelit-przy-pomocy-nalewek-ziolowych-z-piolunu-gozdzika-i-orzecha-zielonego\/#primaryimage","url":"https:\/\/www.impulsdozdrowia.pl\/wp-content\/uploads\/2025\/07\/3nalewki.jpeg","contentUrl":"https:\/\/www.impulsdozdrowia.pl\/wp-content\/uploads\/2025\/07\/3nalewki.jpeg","width":2048,"height":2048},{"@type":"BreadcrumbList","@id":"https:\/\/www.impulsdozdrowia.pl\/index.php\/oczyszczanie-wg-huldy-clark\/oczyszczanie-jelit-przy-pomocy-nalewek-ziolowych-z-piolunu-gozdzika-i-orzecha-zielonego\/#breadcrumb","itemListElement":[{"@type":"ListItem","position":1,"name":"Strona g\u0142\u00f3wna","item":"https:\/\/www.impulsdozdrowia.pl\/"},{"@type":"ListItem","position":2,"name":"Odrobaczanie","item":"https:\/\/www.impulsdozdrowia.pl\/index.php\/oczyszczanie-wg-huldy-clark\/"},{"@type":"ListItem","position":3,"name":"Oczyszczanie jelit przy pomocy nalewek zio\u0142owych z pio\u0142unu, go\u017adzika i orzecha zielonego."}]},{"@type":"WebSite","@id":"https:\/\/www.impulsdozdrowia.pl\/#website","url":"https:\/\/www.impulsdozdrowia.pl\/","name":"Impuls do zdrowia","description":"Motywujemy do dbania o swoje zdrowie","potentialAction":[{"@type":"SearchAction","target":{"@type":"EntryPoint","urlTemplate":"https:\/\/www.impulsdozdrowia.pl\/?s={search_term_string}"},"query-input":{"@type":"PropertyValueSpecification","valueRequired":true,"valueName":"search_term_string"}}],"inLanguage":"pl-PL"}]}},"_links":{"self":[{"href":"https:\/\/www.impulsdozdrowia.pl\/index.php\/wp-json\/wp\/v2\/pages\/581","targetHints":{"allow":["GET"]}}],"collection":[{"href":"https:\/\/www.impulsdozdrowia.pl\/index.php\/wp-json\/wp\/v2\/pages"}],"about":[{"href":"https:\/\/www.impulsdozdrowia.pl\/index.php\/wp-json\/wp\/v2\/types\/page"}],"author":[{"embeddable":true,"href":"https:\/\/www.impulsdozdrowia.pl\/index.php\/wp-json\/wp\/v2\/users\/2"}],"replies":[{"embeddable":true,"href":"https:\/\/www.impulsdozdrowia.pl\/index.php\/wp-json\/wp\/v2\/comments?post=581"}],"version-history":[{"count":4,"href":"https:\/\/www.impulsdozdrowia.pl\/index.php\/wp-json\/wp\/v2\/pages\/581\/revisions"}],"predecessor-version":[{"id":594,"href":"https:\/\/www.impulsdozdrowia.pl\/index.php\/wp-json\/wp\/v2\/pages\/581\/revisions\/594"}],"up":[{"embeddable":true,"href":"https:\/\/www.impulsdozdrowia.pl\/index.php\/wp-json\/wp\/v2\/pages\/137"}],"wp:attachment":[{"href":"https:\/\/www.impulsdozdrowia.pl\/index.php\/wp-json\/wp\/v2\/media?parent=581"}],"curies":[{"name":"wp","href":"https:\/\/api.w.org\/{rel}","templated":true}]}}