{"id":75,"date":"2022-12-23T19:29:33","date_gmt":"2022-12-23T18:29:33","guid":{"rendered":"https:\/\/www.impulsdozdrowia.pl\/?page_id=75"},"modified":"2025-02-21T18:22:10","modified_gmt":"2025-02-21T17:22:10","slug":"glowna","status":"publish","type":"page","link":"https:\/\/www.impulsdozdrowia.pl\/","title":{"rendered":"G\u0142\u00f3wna"},"content":{"rendered":"\n<figure class=\"wp-block-image size-large\"><img loading=\"lazy\" decoding=\"async\" width=\"1024\" height=\"239\" src=\"https:\/\/www.impulsdozdrowia.pl\/wp-content\/uploads\/2025\/02\/IMPULS-DO-ZDROWIA-1024x239.png\" alt=\"\" class=\"wp-image-529\" srcset=\"https:\/\/www.impulsdozdrowia.pl\/wp-content\/uploads\/2025\/02\/IMPULS-DO-ZDROWIA-1024x239.png 1024w, https:\/\/www.impulsdozdrowia.pl\/wp-content\/uploads\/2025\/02\/IMPULS-DO-ZDROWIA-300x70.png 300w, https:\/\/www.impulsdozdrowia.pl\/wp-content\/uploads\/2025\/02\/IMPULS-DO-ZDROWIA-768x179.png 768w, https:\/\/www.impulsdozdrowia.pl\/wp-content\/uploads\/2025\/02\/IMPULS-DO-ZDROWIA-1536x359.png 1536w, https:\/\/www.impulsdozdrowia.pl\/wp-content\/uploads\/2025\/02\/IMPULS-DO-ZDROWIA-2048x478.png 2048w\" sizes=\"auto, (max-width: 1024px) 100vw, 1024px\" \/><\/figure>\n\n\n\n<div class=\"wp-block-group\"><div class=\"wp-block-group__inner-container is-layout-constrained wp-block-group-is-layout-constrained\">\n<p><strong> Impuls Do Zdrowia<\/strong> jest blogiem kt\u00f3ry ma na celu informowa\u0107 czytelnika o r\u00f3\u017cnych kuracjach oczyszczaj\u0105cych lub odrobaczaj\u0105cych organizm ludzki.&nbsp; Przybli\u017c\u0119 tutaj najpopularniejsze metody, zio\u0142a i preparaty u\u017cywane od setek lat, kt\u00f3re po\u015bwiadczaj\u0105, \u017ce bez farmakologii mo\u017cna zadba\u0107 o zdrowie.<\/p>\n<p>Oferowane tutaj kuracje i produkty nie stanowi\u0105 leku (produktu leczniczego w rozumieniu ustawy Prawo farmaceutyczne) i nie powinny by\u0107 jako takie traktowane. Informacje tutaj zamieszczone maj\u0105 charakter informacyjny i nie stanowi\u0105 profesjonalnej porady medycznej ani instrukcji u\u017cycia. Przedstawione tre\u015bci w \u017cadnym wypadku nie stanowi\u0105 substytutu konsultacji z lekarzem lub farmaceut\u0105 i nie powinny by\u0107 traktowane jako zalecenia medyczne.<\/p>\n<p>Nie ponosz\u0119 odpowiedzialno\u015bci za jakiekolwiek skutki niepo\u017c\u0105dane stosowania produkt\u00f3w, kt\u00f3re opisuj\u0119 na stronie.<\/p>\n<\/div><\/div>\n\n\n\n<hr class=\"wp-block-separator has-alpha-channel-opacity is-style-wide\"\/>\n\n\n<div class=\"wp-block-image is-style-rounded\">\n<figure class=\"alignright size-large is-resized\"><img loading=\"lazy\" decoding=\"async\" width=\"1024\" height=\"769\" src=\"https:\/\/www.impulsdozdrowia.pl\/wp-content\/uploads\/2023\/08\/WhatsApp-Image-2023-08-01-at-17.51.40-1024x769.jpeg\" alt=\"\" class=\"wp-image-366\" style=\"width:321px;height:238px\" srcset=\"https:\/\/www.impulsdozdrowia.pl\/wp-content\/uploads\/2023\/08\/WhatsApp-Image-2023-08-01-at-17.51.40-1024x769.jpeg 1024w, https:\/\/www.impulsdozdrowia.pl\/wp-content\/uploads\/2023\/08\/WhatsApp-Image-2023-08-01-at-17.51.40-300x225.jpeg 300w, https:\/\/www.impulsdozdrowia.pl\/wp-content\/uploads\/2023\/08\/WhatsApp-Image-2023-08-01-at-17.51.40-768x577.jpeg 768w, https:\/\/www.impulsdozdrowia.pl\/wp-content\/uploads\/2023\/08\/WhatsApp-Image-2023-08-01-at-17.51.40-1536x1154.jpeg 1536w, https:\/\/www.impulsdozdrowia.pl\/wp-content\/uploads\/2023\/08\/WhatsApp-Image-2023-08-01-at-17.51.40.jpeg 1600w\" sizes=\"auto, (max-width: 1024px) 100vw, 1024px\" \/><figcaption class=\"wp-element-caption\"><strong><em>mgr in\u017c. dypl. zielarz fitoterapeuta, naturopata                  <br>                 Monika Walendziuk<\/em><\/strong><\/figcaption><\/figure><\/div>","protected":false},"excerpt":{"rendered":"<p>Impuls Do Zdrowia jest blogiem kt\u00f3ry ma na celu informowa\u0107 czytelnika o r\u00f3\u017cnych kuracjach oczyszczaj\u0105cych lub odrobaczaj\u0105cych organizm ludzki.&nbsp; Przybli\u017c\u0119 tutaj najpopularniejsze metody, zio\u0142a i preparaty u\u017cywane od setek lat, kt\u00f3re po\u015bwiadczaj\u0105, \u017ce bez farmakologii mo\u017cna zadba\u0107 o zdrowie. Oferowane tutaj kuracje i produkty nie stanowi\u0105 leku (produktu leczniczego w rozumieniu ustawy Prawo farmaceutyczne) i &hellip; <a href=\"https:\/\/www.impulsdozdrowia.pl\/\" class=\"more-link\">Czytaj dalej <span class=\"screen-reader-text\">G\u0142\u00f3wna<\/span> <span class=\"meta-nav\">&rarr;<\/span><\/a><\/p>\n","protected":false},"author":1,"featured_media":0,"parent":0,"menu_order":3,"comment_status":"closed","ping_status":"closed","template":"","meta":{"footnotes":""},"class_list":["post-75","page","type-page","status-publish","hentry"],"yoast_head":"<!-- This site is optimized with the Yoast SEO plugin v25.0 - https:\/\/yoast.com\/wordpress\/plugins\/seo\/ -->\n<title>G\u0142\u00f3wna - Impuls do zdrowia<\/title>\n<meta name=\"robots\" content=\"index, follow, max-snippet:-1, max-image-preview:large, max-video-preview:-1\" \/>\n<link rel=\"canonical\" href=\"https:\/\/www.impulsdozdrowia.pl\/\" \/>\n<meta property=\"og:locale\" content=\"pl_PL\" \/>\n<meta property=\"og:type\" content=\"article\" \/>\n<meta property=\"og:title\" content=\"G\u0142\u00f3wna - Impuls do zdrowia\" \/>\n<meta property=\"og:description\" content=\"Impuls Do Zdrowia jest blogiem kt\u00f3ry ma na celu informowa\u0107 czytelnika o r\u00f3\u017cnych kuracjach oczyszczaj\u0105cych lub odrobaczaj\u0105cych organizm ludzki.&nbsp; Przybli\u017c\u0119 tutaj najpopularniejsze metody, zio\u0142a i preparaty u\u017cywane od setek lat, kt\u00f3re po\u015bwiadczaj\u0105, \u017ce bez farmakologii mo\u017cna zadba\u0107 o zdrowie. Oferowane tutaj kuracje i produkty nie stanowi\u0105 leku (produktu leczniczego w rozumieniu ustawy Prawo farmaceutyczne) i &hellip; Czytaj dalej G\u0142\u00f3wna &rarr;\" \/>\n<meta property=\"og:url\" content=\"https:\/\/www.impulsdozdrowia.pl\/\" \/>\n<meta property=\"og:site_name\" content=\"Impuls do zdrowia\" \/>\n<meta property=\"article:modified_time\" content=\"2025-02-21T17:22:10+00:00\" \/>\n<meta property=\"og:image\" content=\"https:\/\/www.impulsdozdrowia.pl\/wp-content\/uploads\/2025\/02\/IMPULS-DO-ZDROWIA.png\" \/>\n\t<meta property=\"og:image:width\" content=\"2065\" \/>\n\t<meta property=\"og:image:height\" content=\"482\" \/>\n\t<meta property=\"og:image:type\" content=\"image\/png\" \/>\n<meta name=\"twitter:card\" content=\"summary_large_image\" \/>\n<meta name=\"twitter:label1\" content=\"Szacowany czas czytania\" \/>\n\t<meta name=\"twitter:data1\" content=\"2 minuty\" \/>\n<script type=\"application\/ld+json\" class=\"yoast-schema-graph\">{\"@context\":\"https:\/\/schema.org\",\"@graph\":[{\"@type\":\"WebPage\",\"@id\":\"https:\/\/www.impulsdozdrowia.pl\/\",\"url\":\"https:\/\/www.impulsdozdrowia.pl\/\",\"name\":\"G\u0142\u00f3wna - Impuls do zdrowia\",\"isPartOf\":{\"@id\":\"https:\/\/www.impulsdozdrowia.pl\/#website\"},\"primaryImageOfPage\":{\"@id\":\"https:\/\/www.impulsdozdrowia.pl\/#primaryimage\"},\"image\":{\"@id\":\"https:\/\/www.impulsdozdrowia.pl\/#primaryimage\"},\"thumbnailUrl\":\"https:\/\/www.impulsdozdrowia.pl\/wp-content\/uploads\/2025\/02\/IMPULS-DO-ZDROWIA-1024x239.png\",\"datePublished\":\"2022-12-23T18:29:33+00:00\",\"dateModified\":\"2025-02-21T17:22:10+00:00\",\"breadcrumb\":{\"@id\":\"https:\/\/www.impulsdozdrowia.pl\/#breadcrumb\"},\"inLanguage\":\"pl-PL\",\"potentialAction\":[{\"@type\":\"ReadAction\",\"target\":[\"https:\/\/www.impulsdozdrowia.pl\/\"]}]},{\"@type\":\"ImageObject\",\"inLanguage\":\"pl-PL\",\"@id\":\"https:\/\/www.impulsdozdrowia.pl\/#primaryimage\",\"url\":\"https:\/\/www.impulsdozdrowia.pl\/wp-content\/uploads\/2025\/02\/IMPULS-DO-ZDROWIA.png\",\"contentUrl\":\"https:\/\/www.impulsdozdrowia.pl\/wp-content\/uploads\/2025\/02\/IMPULS-DO-ZDROWIA.png\",\"width\":2065,\"height\":482},{\"@type\":\"BreadcrumbList\",\"@id\":\"https:\/\/www.impulsdozdrowia.pl\/#breadcrumb\",\"itemListElement\":[{\"@type\":\"ListItem\",\"position\":1,\"name\":\"Strona g\u0142\u00f3wna\",\"item\":\"https:\/\/www.impulsdozdrowia.pl\/\"},{\"@type\":\"ListItem\",\"position\":2,\"name\":\"G\u0142\u00f3wna\"}]},{\"@type\":\"WebSite\",\"@id\":\"https:\/\/www.impulsdozdrowia.pl\/#website\",\"url\":\"https:\/\/www.impulsdozdrowia.pl\/\",\"name\":\"Impuls do zdrowia\",\"description\":\"Motywujemy do dbania o swoje zdrowie\",\"potentialAction\":[{\"@type\":\"SearchAction\",\"target\":{\"@type\":\"EntryPoint\",\"urlTemplate\":\"https:\/\/www.impulsdozdrowia.pl\/?s={search_term_string}\"},\"query-input\":{\"@type\":\"PropertyValueSpecification\",\"valueRequired\":true,\"valueName\":\"search_term_string\"}}],\"inLanguage\":\"pl-PL\"}]}<\/script>\n<!-- \/ Yoast SEO plugin. -->","yoast_head_json":{"title":"G\u0142\u00f3wna - Impuls do zdrowia","robots":{"index":"index","follow":"follow","max-snippet":"max-snippet:-1","max-image-preview":"max-image-preview:large","max-video-preview":"max-video-preview:-1"},"canonical":"https:\/\/www.impulsdozdrowia.pl\/","og_locale":"pl_PL","og_type":"article","og_title":"G\u0142\u00f3wna - Impuls do zdrowia","og_description":"Impuls Do Zdrowia jest blogiem kt\u00f3ry ma na celu informowa\u0107 czytelnika o r\u00f3\u017cnych kuracjach oczyszczaj\u0105cych lub odrobaczaj\u0105cych organizm ludzki.&nbsp; Przybli\u017c\u0119 tutaj najpopularniejsze metody, zio\u0142a i preparaty u\u017cywane od setek lat, kt\u00f3re po\u015bwiadczaj\u0105, \u017ce bez farmakologii mo\u017cna zadba\u0107 o zdrowie. Oferowane tutaj kuracje i produkty nie stanowi\u0105 leku (produktu leczniczego w rozumieniu ustawy Prawo farmaceutyczne) i &hellip; Czytaj dalej G\u0142\u00f3wna &rarr;","og_url":"https:\/\/www.impulsdozdrowia.pl\/","og_site_name":"Impuls do zdrowia","article_modified_time":"2025-02-21T17:22:10+00:00","og_image":[{"width":2065,"height":482,"url":"https:\/\/www.impulsdozdrowia.pl\/wp-content\/uploads\/2025\/02\/IMPULS-DO-ZDROWIA.png","type":"image\/png"}],"twitter_card":"summary_large_image","twitter_misc":{"Szacowany czas czytania":"2 minuty"},"schema":{"@context":"https:\/\/schema.org","@graph":[{"@type":"WebPage","@id":"https:\/\/www.impulsdozdrowia.pl\/","url":"https:\/\/www.impulsdozdrowia.pl\/","name":"G\u0142\u00f3wna - Impuls do zdrowia","isPartOf":{"@id":"https:\/\/www.impulsdozdrowia.pl\/#website"},"primaryImageOfPage":{"@id":"https:\/\/www.impulsdozdrowia.pl\/#primaryimage"},"image":{"@id":"https:\/\/www.impulsdozdrowia.pl\/#primaryimage"},"thumbnailUrl":"https:\/\/www.impulsdozdrowia.pl\/wp-content\/uploads\/2025\/02\/IMPULS-DO-ZDROWIA-1024x239.png","datePublished":"2022-12-23T18:29:33+00:00","dateModified":"2025-02-21T17:22:10+00:00","breadcrumb":{"@id":"https:\/\/www.impulsdozdrowia.pl\/#breadcrumb"},"inLanguage":"pl-PL","potentialAction":[{"@type":"ReadAction","target":["https:\/\/www.impulsdozdrowia.pl\/"]}]},{"@type":"ImageObject","inLanguage":"pl-PL","@id":"https:\/\/www.impulsdozdrowia.pl\/#primaryimage","url":"https:\/\/www.impulsdozdrowia.pl\/wp-content\/uploads\/2025\/02\/IMPULS-DO-ZDROWIA.png","contentUrl":"https:\/\/www.impulsdozdrowia.pl\/wp-content\/uploads\/2025\/02\/IMPULS-DO-ZDROWIA.png","width":2065,"height":482},{"@type":"BreadcrumbList","@id":"https:\/\/www.impulsdozdrowia.pl\/#breadcrumb","itemListElement":[{"@type":"ListItem","position":1,"name":"Strona g\u0142\u00f3wna","item":"https:\/\/www.impulsdozdrowia.pl\/"},{"@type":"ListItem","position":2,"name":"G\u0142\u00f3wna"}]},{"@type":"WebSite","@id":"https:\/\/www.impulsdozdrowia.pl\/#website","url":"https:\/\/www.impulsdozdrowia.pl\/","name":"Impuls do zdrowia","description":"Motywujemy do dbania o swoje zdrowie","potentialAction":[{"@type":"SearchAction","target":{"@type":"EntryPoint","urlTemplate":"https:\/\/www.impulsdozdrowia.pl\/?s={search_term_string}"},"query-input":{"@type":"PropertyValueSpecification","valueRequired":true,"valueName":"search_term_string"}}],"inLanguage":"pl-PL"}]}},"_links":{"self":[{"href":"https:\/\/www.impulsdozdrowia.pl\/index.php\/wp-json\/wp\/v2\/pages\/75","targetHints":{"allow":["GET"]}}],"collection":[{"href":"https:\/\/www.impulsdozdrowia.pl\/index.php\/wp-json\/wp\/v2\/pages"}],"about":[{"href":"https:\/\/www.impulsdozdrowia.pl\/index.php\/wp-json\/wp\/v2\/types\/page"}],"author":[{"embeddable":true,"href":"https:\/\/www.impulsdozdrowia.pl\/index.php\/wp-json\/wp\/v2\/users\/1"}],"replies":[{"embeddable":true,"href":"https:\/\/www.impulsdozdrowia.pl\/index.php\/wp-json\/wp\/v2\/comments?post=75"}],"version-history":[{"count":26,"href":"https:\/\/www.impulsdozdrowia.pl\/index.php\/wp-json\/wp\/v2\/pages\/75\/revisions"}],"predecessor-version":[{"id":530,"href":"https:\/\/www.impulsdozdrowia.pl\/index.php\/wp-json\/wp\/v2\/pages\/75\/revisions\/530"}],"wp:attachment":[{"href":"https:\/\/www.impulsdozdrowia.pl\/index.php\/wp-json\/wp\/v2\/media?parent=75"}],"curies":[{"name":"wp","href":"https:\/\/api.w.org\/{rel}","templated":true}]}}